{"id":11829,"date":"2023-12-24T11:04:37","date_gmt":"2023-12-24T11:04:37","guid":{"rendered":"https:\/\/gomeraguide.com\/de-flor-en-flor\/"},"modified":"2024-08-02T09:21:26","modified_gmt":"2024-08-02T09:21:26","slug":"von-bluete-zu-bluete","status":"publish","type":"page","link":"https:\/\/gomeraguide.com\/de\/von-bluete-zu-bluete\/","title":{"rendered":"Von Bl\u00fcte zu Bl\u00fcte \u2013 Besuch beim Imker"},"content":{"rendered":"<p>[et_pb_section fb_built=&#8221;1&#8243; _builder_version=&#8221;4.16&#8243; global_colors_info=&#8221;{}&#8221;][et_pb_row _builder_version=&#8221;4.16&#8243; background_size=&#8221;initial&#8221; background_position=&#8221;top_left&#8221; background_repeat=&#8221;repeat&#8221; global_colors_info=&#8221;{}&#8221;][et_pb_column type=&#8221;4_4&#8243; _builder_version=&#8221;4.16&#8243; custom_padding=&#8221;|||&#8221; global_colors_info=&#8221;{}&#8221; custom_padding__hover=&#8221;|||&#8221;][et_pb_text _builder_version=&#8221;4.21.0&#8243; background_size=&#8221;initial&#8221; background_position=&#8221;top_left&#8221; background_repeat=&#8221;repeat&#8221; global_colors_info=&#8221;{}&#8221;]<\/p>\n<h1 class=\"entry-title main_title\" style=\"text-align: center;\">Thematische F\u00fchrung : Von Bl\u00fcte zu Bl\u00fcte \u2013 Besuch beim Imker (Schwierigkeit: Leicht)<\/h1>\n<div class=\"entry-content\">\n<p>&nbsp;<\/p>\n<div id=\"rpsv_IncWidgetFicha\">\n<div id=\"mrp_contenedor\" class=\"TExpFichaV3 TExpFichaV5 TExpFichaV7\">\n<div class=\"mrp_bloque mrp_maspaddingtopbottom_V4 mrp_ne_capa_bloques_evnt\">\n<div class=\"capa_izq ancho_total mrp_contenido_sincabecera_V5\">\n<div class=\"capa_izq RGM2_texto_adicional_V3 mrp_visible_escritorio\">\n<div class=\"RGM2_texto_adicional_INT_V3\">\n<div class=\"capa_izq ancho_total RGM2_espacio_top_10 mrp_texto_nombre_V6\" title=\"[18076] Los Vinos del Sur\">\u00a0<\/div>\n<\/div>\n<\/div>\n<\/div>\n<\/div>\n<\/div>\n<\/div>\n<\/div>\n<p>[\/et_pb_text][et_pb_code _builder_version=&#8221;4.21.0&#8243; _module_preset=&#8221;default&#8221; global_colors_info=&#8221;{}&#8221;]<\/p>\n<div id=\"rpsv_IncWidgetFicha\" style=\"width: 100%; float: left;\"><script type=\"text\/javascript\" id_elemento=\"18077\" tipo_elemento=\"2\" id_idioma=\"5\" idw=\"3618\" w_type=\"ficha\" w_contenido=\"simple\" w_param=\"getURL\" paramHash=\"74630a58555c8d643e0428edc574ab199017da3e\" src=\"https:\/\/www.mrplan.io\/experiencias\/modulos\/TExpReverse\/lib\/TExpReverseInc.php?id_experiencia=18077&#038;idw=3618&#038;paramHash=74630a58555c8d643e0428edc574ab199017da3e\"><\/script><\/div>\n<p>[\/et_pb_code][\/et_pb_column][\/et_pb_row][\/et_pb_section]<\/p>\n","protected":false},"excerpt":{"rendered":"<p>Thematische F\u00fchrung : Von Bl\u00fcte zu Bl\u00fcte \u2013 Besuch beim Imker (Schwierigkeit: Leicht) &nbsp; \u00a0<\/p>\n","protected":false},"author":1,"featured_media":0,"parent":0,"menu_order":0,"comment_status":"closed","ping_status":"closed","template":"","meta":{"_et_pb_use_builder":"on","_et_pb_old_content":"<p><script src=\"https:\/\/mrplan.io\/experiencias\/lib\/jquery\/lib\/jquery-3.5.1.min.js\"><span data-mce-type=\"bookmark\" style=\"display: inline-block; width: 0px; overflow: hidden; line-height: 0;\" class=\"mce_SELRES_start\">\ufeff<\/span><\/script><script src=\"https:\/\/mrplan.io\/experiencias\/lib\/jquery\/jquery-ui-1.12.1.custom\/jquery-ui.min.js\"><\/script><script>var iCl=jQuery.noConflict();<\/script><\/p><div id=\"rpsv_IncWidgetFicha\" style=\"width: 100%; float: left;\"><script type=\"text\/javascript\" id_elemento=\"18076\" tipo_elemento=\"2\" idw=\"3618\" w_type=\"ficha\" w_contenido=\"simple\" w_param=\"getURL\" paramHash=\"74630a58555c8d643e0428edc574ab199017da3e\" src=\"https:\/\/www.mrplan.io\/experiencias\/modulos\/TExpReverse\/lib\/TExpReverseInc.php?id_experiencia=18076&idw=3618&paramHash=74630a58555c8d643e0428edc574ab199017da3e\"><\/script><\/div>","_et_gb_content_width":"","footnotes":""},"class_list":["post-11829","page","type-page","status-publish","hentry"],"_links":{"self":[{"href":"https:\/\/gomeraguide.com\/de\/wp-json\/wp\/v2\/pages\/11829","targetHints":{"allow":["GET"]}}],"collection":[{"href":"https:\/\/gomeraguide.com\/de\/wp-json\/wp\/v2\/pages"}],"about":[{"href":"https:\/\/gomeraguide.com\/de\/wp-json\/wp\/v2\/types\/page"}],"author":[{"embeddable":true,"href":"https:\/\/gomeraguide.com\/de\/wp-json\/wp\/v2\/users\/1"}],"replies":[{"embeddable":true,"href":"https:\/\/gomeraguide.com\/de\/wp-json\/wp\/v2\/comments?post=11829"}],"version-history":[{"count":3,"href":"https:\/\/gomeraguide.com\/de\/wp-json\/wp\/v2\/pages\/11829\/revisions"}],"predecessor-version":[{"id":12075,"href":"https:\/\/gomeraguide.com\/de\/wp-json\/wp\/v2\/pages\/11829\/revisions\/12075"}],"wp:attachment":[{"href":"https:\/\/gomeraguide.com\/de\/wp-json\/wp\/v2\/media?parent=11829"}],"curies":[{"name":"wp","href":"https:\/\/api.w.org\/{rel}","templated":true}]}}