{"id":1494,"date":"2013-07-01T20:08:17","date_gmt":"2013-07-01T20:08:17","guid":{"rendered":"https:\/\/gomeraguide.com\/uber-mich\/"},"modified":"2021-09-09T12:10:52","modified_gmt":"2021-09-09T12:10:52","slug":"uber-mich","status":"publish","type":"page","link":"https:\/\/gomeraguide.com\/de\/uber-mich\/","title":{"rendered":"REISEF\u00dcHRUNG"},"content":{"rendered":"<h2>F\u00fcr Gruppen und individuelle G\u00e4ste<\/h2>\n<p>&nbsp;<\/p>\n<h4><strong>Melanie Ebock &#8211; Reisef\u00fchrerin Kanarische Inseln N\u00b0 2178<\/strong><\/h4>\n<h4><strong>\u200bAktivtourismus\/ Firmennummer TA-6-0000730.36<\/strong><\/h4>\n<p>&nbsp;<\/p>\n<p><a href=\"https:\/\/gomeraguide.com\/wp-content\/uploads\/Blog3_Logo.jpg\"><img loading=\"lazy\" decoding=\"async\" class=\"alignnone wp-image-183\" src=\"https:\/\/gomeraguide.com\/wp-content\/uploads\/Blog3_Logo.jpg\" alt=\"\" width=\"372\" height=\"233\" srcset=\"https:\/\/gomeraguide.com\/wp-content\/uploads\/Blog3_Logo.jpg 625w, https:\/\/gomeraguide.com\/wp-content\/uploads\/Blog3_Logo-300x187.jpg 300w\" sizes=\"(max-width: 372px) 100vw, 372px\" \/>\u00a0 <\/a><a href=\"https:\/\/gomeraguide.com\/wp-content\/uploads\/Blog1_Logo.jpg\"><img loading=\"lazy\" decoding=\"async\" class=\"alignnone wp-image-181\" src=\"https:\/\/gomeraguide.com\/wp-content\/uploads\/Blog1_Logo.jpg\" alt=\"\" width=\"371\" height=\"232\" srcset=\"https:\/\/gomeraguide.com\/wp-content\/uploads\/Blog1_Logo.jpg 625w, https:\/\/gomeraguide.com\/wp-content\/uploads\/Blog1_Logo-300x187.jpg 300w\" sizes=\"(max-width: 371px) 100vw, 371px\" \/><\/a><\/p>\n<p>&nbsp;<\/p>\n<p style=\"text-align: center;\"><span style=\"font-family: 'andale mono', times; font-size: medium;\"><strong><em><span style=\"line-height: 19px;\">Seit vielen Jahren ist die Kanareninsel La Gomera meine Wahlheimat. Ich kam im Sommer 2000 auf die Insel, um im \u00f6rtlichen Nationalpark \u201cGarajonay\u201c an einem Projekt \u00fcber die Analyse der Besucherstr\u00f6me mitzuarbeiten. Ich war begeistert von der rauen Sch\u00f6nheit La Gomeras und blieb. Seither habe ich die Insel viele Male zu Fu\u00df erkundet, sowohl privat als auch beruflich. In den vergangenen Jahren habe ich im Trekking- und Aktivreisebereich gearbeitet, verschiedene Arten von Reisen auf La Gomera organisiert und selbst geleitet, G\u00e4ste betreut und ihnen die au\u00dfergew\u00f6hnliche Sch\u00f6nheit der Isla M\u00e1gica nahe gebracht. F\u00fcr den hiesigen Wanderverein habe ich verschiedene Veranstaltungen organisiert und durchgef\u00fchrt.<\/span><\/em><\/strong><\/span><\/p>\n<p><a href=\"https:\/\/gomeraguide.com\/wp-content\/uploads\/Fotostreifen-Gomeraguide-01.bmp\"><img loading=\"lazy\" decoding=\"async\" class=\"wp-image-576 aligncenter\" src=\"https:\/\/gomeraguide.com\/wp-content\/uploads\/Fotostreifen-Gomeraguide-01.bmp\" alt=\"Fotostreifen Gomeraguide 01\" width=\"721\" height=\"184\" \/><\/a><\/p>\n<p style=\"text-align: center;\"><span style=\"font-family: 'andale mono', times; font-size: medium;\"><strong><em><span style=\"line-height: 19px;\">Ob zu Fu\u00df auf einer Wanderung, im Bus oder im Auto bei einer Rundfahrt, kommen Sie mit mir auf die Reise in das Naturparadies La Gomera. Entdecken Sie mit mir die Besonderheiten der Insel, nehmen das Hier und Jetzt in Augenschein, machen einen Abstecher in die Vergangenheit, aber auch einen Ausflug in die Zukunft La Gomeras. <\/span><\/em><\/strong><\/span><\/p>\n<p style=\"text-align: center;\"><span style=\"font-family: 'andale mono', times; font-size: medium;\"><strong><em><span style=\"line-height: 19px;\">Bienvenidos!<\/span><\/em><\/strong><\/span><\/p>\n","protected":false},"excerpt":{"rendered":"<p>F\u00fcr Gruppen und individuelle G\u00e4ste &nbsp; Melanie Ebock &#8211; Reisef\u00fchrerin Kanarische Inseln N\u00b0 2178 \u200bAktivtourismus\/ Firmennummer TA-6-0000730.36 &nbsp; \u00a0 &nbsp; Seit vielen Jahren ist die Kanareninsel La Gomera meine Wahlheimat. Ich kam im Sommer 2000 auf die Insel, um im \u00f6rtlichen Nationalpark \u201cGarajonay\u201c an einem Projekt \u00fcber die Analyse der Besucherstr\u00f6me mitzuarbeiten. Ich war begeistert [&hellip;]<\/p>\n","protected":false},"author":2,"featured_media":0,"parent":0,"menu_order":50,"comment_status":"open","ping_status":"open","template":"","meta":{"_et_pb_use_builder":"","_et_pb_old_content":"","_et_gb_content_width":"","footnotes":""},"class_list":["post-1494","page","type-page","status-publish","hentry"],"_links":{"self":[{"href":"https:\/\/gomeraguide.com\/de\/wp-json\/wp\/v2\/pages\/1494","targetHints":{"allow":["GET"]}}],"collection":[{"href":"https:\/\/gomeraguide.com\/de\/wp-json\/wp\/v2\/pages"}],"about":[{"href":"https:\/\/gomeraguide.com\/de\/wp-json\/wp\/v2\/types\/page"}],"author":[{"embeddable":true,"href":"https:\/\/gomeraguide.com\/de\/wp-json\/wp\/v2\/users\/2"}],"replies":[{"embeddable":true,"href":"https:\/\/gomeraguide.com\/de\/wp-json\/wp\/v2\/comments?post=1494"}],"version-history":[{"count":6,"href":"https:\/\/gomeraguide.com\/de\/wp-json\/wp\/v2\/pages\/1494\/revisions"}],"predecessor-version":[{"id":8288,"href":"https:\/\/gomeraguide.com\/de\/wp-json\/wp\/v2\/pages\/1494\/revisions\/8288"}],"wp:attachment":[{"href":"https:\/\/gomeraguide.com\/de\/wp-json\/wp\/v2\/media?parent=1494"}],"curies":[{"name":"wp","href":"https:\/\/api.w.org\/{rel}","templated":true}]}}