{"id":6620,"date":"2020-07-28T08:56:50","date_gmt":"2020-07-28T08:56:50","guid":{"rendered":"https:\/\/gomeraguide.com\/?page_id=6620"},"modified":"2020-07-28T09:01:13","modified_gmt":"2020-07-28T09:01:13","slug":"unser-engagement-fuer-la-gomera","status":"publish","type":"page","link":"https:\/\/gomeraguide.com\/de\/unser-engagement-fuer-la-gomera\/","title":{"rendered":"UNSER ENGAGEMENT F\u00dcR LA GOMERA"},"content":{"rendered":"<p>[et_pb_section fb_built=&#8220;1&#8243; _builder_version=&#8220;4.5.0&#8243; _module_preset=&#8220;default&#8220;][et_pb_row _builder_version=&#8220;4.5.0&#8243; _module_preset=&#8220;default&#8220;][et_pb_column type=&#8220;4_4&#8243; _builder_version=&#8220;4.5.0&#8243; _module_preset=&#8220;default&#8220;][et_pb_text _builder_version=&#8220;4.5.0&#8243; _module_preset=&#8220;default&#8220;]<\/p>\n<h1 style=\"text-align: center;\"><strong>UNSER ENGAGEMENT F\u00dcR LA GOMERA<\/strong><\/h1>\n<p>&nbsp;<\/p>\n<p style=\"text-align: center; font-size: 18px;\">Die Insel La Gomera ist ein ganz besonderer und einzigartiger Ort auf der Welt, der es verdient, gepflegt und erhalten zu werden. Daher liegt uns das Wohlergehen der Insel besonders am Herzen, der Erhalt ihrer nat\u00fcrlichen und kulturellen Ressourcen und nat\u00fcrlich auch ihre Bewohner.<\/p>\n<p>[\/et_pb_text][\/et_pb_column][\/et_pb_row][et_pb_row column_structure=&#8220;3_5,2_5&#8243; _builder_version=&#8220;4.5.0&#8243; _module_preset=&#8220;default&#8220;][et_pb_column type=&#8220;3_5&#8243; _builder_version=&#8220;4.5.0&#8243; _module_preset=&#8220;default&#8220;][et_pb_text _builder_version=&#8220;4.5.0&#8243; _module_preset=&#8220;default&#8220; hover_enabled=&#8220;0&#8243;]<\/p>\n<h3><strong>UNSERE DIENSTLEISTUNGEN<\/strong><\/h3>\n<p>Wir f\u00fchlen uns der Erhaltung der Umwelt und der Natur auf La Gomera sowie dem respektvollen und verantwortungsbewussten Reisen verpflichtet. Aus diesem Grund bem\u00fchen wir uns, <strong>Produkte und Dienstleistungen<\/strong> anzubieten, die so geplant und veranstaltet werden, dass keine Umweltsch\u00e4den oder soziokulturellen Probleme entstehen. Im Gegenteil, bei der Durchf\u00fchrung unserer Aktivit\u00e4ten achten wir stets auf Natur und Umwelt und respektieren und integrieren die lokale Bev\u00f6lkerung.<\/p>\n<p>&nbsp;<\/p>\n<h3><strong>UNSERE ANBIETER<\/strong><\/h3>\n<p>Wir versuchen m\u00f6glichst lokale Lieferanten zu beauftragen und uns mit anderen Unternehmen zu vernetzen, die unsere Philosophie teilen.<\/p>\n<p>&nbsp;<\/p>\n<h3><strong>UNSERE KUNDEN<\/strong><\/h3>\n<p>Wir m\u00f6chten, dass sich auch unsere Kunden zu einem respektvollen Handeln verpflichten, sich in den von ihnen besuchten Gebiete integrieren, die lokale Entwicklung f\u00f6rdern und Interesse am &#8222;wirklichen Leben&#8220; der Insel zeigen.<\/p>\n<p>&nbsp;<\/p>\n<h3><strong>UNSER ZIEL<\/strong><\/h3>\n<p>Unser Ziel ist es, unsere Verantwortung als nachhaltiges Tourismusunternehmen kontinuierlich zu verbessern. Aus diesem Grund ist GOMERAGUIDE Mitglied der Charta f\u00fcr nachhaltigen Tourismus (CETS) und wir verpflichten uns, die Richtlinien und die Philosophie der Charta zu befolgen:<\/p>\n<p style=\"text-align: center;\"><a href=\"http:\/\/gomeraexperience.com\/de\/wi-ueber-uns\/\">Manifest<\/a><\/p>\n<p>&nbsp;<\/p>\n<h4>Folgende Verpflichtungen als CETS-Unternehmen m\u00f6chten wir besonders hervorheben:<\/h4>\n<p><em>Wir beteiligen uns aktiv an den Kampagnen zur Kontrolle invasiver Pflanzen, insbesondere des Lampenputzergrases (Pennisetum setaceum), und sind in den Leitungsgremien des Umweltvereins \u201cMatorrisco\u201c t\u00e4tig.<\/em><\/p>\n<p><em>Wir f\u00fchren mit der auf La Gomera lebenden einheimischen Bev\u00f6lkerung Aktivit\u00e4ten durch und stehen als Wanderf\u00fchrer f\u00fcr die vom Wanderverein \u201cLa Taparucha\u201c durchgef\u00fchrten Wanderungen zur Verf\u00fcgung.<\/em><\/p>\n<p><em>Wir arbeiten eng mit dem Nationalpark Garajonay zusammen und bieten zum Beispiel Erm\u00e4\u00dfigungen f\u00fcr Touristen an, die Aktivit\u00e4ten des LIFE\/Garajonay Vive-Projekts durchgef\u00fchrt haben.<\/em>[\/et_pb_text][\/et_pb_column][et_pb_column type=&#8220;2_5&#8243; _builder_version=&#8220;4.5.0&#8243; _module_preset=&#8220;default&#8220;][et_pb_image src=&#8220;https:\/\/gomeraguide.com\/wp-content\/uploads\/ES_CETS-logo-Partner_transp2-1.png&#8220; title_text=&#8220;ES_CETS logo Partner_transp(2)&#8220; align=&#8220;center&#8220; _builder_version=&#8220;4.5.0&#8243; _module_preset=&#8220;default&#8220;][\/et_pb_image][et_pb_image src=&#8220;https:\/\/gomeraguide.com\/wp-content\/uploads\/CETS2-2-e1595852391261.jpg&#8220; title_text=&#8220;CETS2 (2)&#8220; _builder_version=&#8220;4.5.0&#8243; _module_preset=&#8220;default&#8220;][\/et_pb_image][et_pb_image src=&#8220;https:\/\/gomeraguide.com\/wp-content\/uploads\/CETS1-1.jpg&#8220; title_text=&#8220;CETS1 (1)&#8220; _builder_version=&#8220;4.5.0&#8243; _module_preset=&#8220;default&#8220;][\/et_pb_image][\/et_pb_column][\/et_pb_row][\/et_pb_section]<\/p>\n","protected":false},"excerpt":{"rendered":"<p>UNSER ENGAGEMENT F\u00dcR LA GOMERA &nbsp; Die Insel La Gomera ist ein ganz besonderer und einzigartiger Ort auf der Welt, der es verdient, gepflegt und erhalten zu werden. Daher liegt uns das Wohlergehen der Insel besonders am Herzen, der Erhalt ihrer nat\u00fcrlichen und kulturellen Ressourcen und nat\u00fcrlich auch ihre Bewohner.UNSERE DIENSTLEISTUNGEN Wir f\u00fchlen uns der [&hellip;]<\/p>\n","protected":false},"author":1,"featured_media":0,"parent":0,"menu_order":0,"comment_status":"closed","ping_status":"closed","template":"","meta":{"_et_pb_use_builder":"on","_et_pb_old_content":"","_et_gb_content_width":"","footnotes":""},"class_list":["post-6620","page","type-page","status-publish","hentry"],"_links":{"self":[{"href":"https:\/\/gomeraguide.com\/de\/wp-json\/wp\/v2\/pages\/6620","targetHints":{"allow":["GET"]}}],"collection":[{"href":"https:\/\/gomeraguide.com\/de\/wp-json\/wp\/v2\/pages"}],"about":[{"href":"https:\/\/gomeraguide.com\/de\/wp-json\/wp\/v2\/types\/page"}],"author":[{"embeddable":true,"href":"https:\/\/gomeraguide.com\/de\/wp-json\/wp\/v2\/users\/1"}],"replies":[{"embeddable":true,"href":"https:\/\/gomeraguide.com\/de\/wp-json\/wp\/v2\/comments?post=6620"}],"version-history":[{"count":4,"href":"https:\/\/gomeraguide.com\/de\/wp-json\/wp\/v2\/pages\/6620\/revisions"}],"predecessor-version":[{"id":6636,"href":"https:\/\/gomeraguide.com\/de\/wp-json\/wp\/v2\/pages\/6620\/revisions\/6636"}],"wp:attachment":[{"href":"https:\/\/gomeraguide.com\/de\/wp-json\/wp\/v2\/media?parent=6620"}],"curies":[{"name":"wp","href":"https:\/\/api.w.org\/{rel}","templated":true}]}}