{"id":6861,"date":"2020-09-07T12:02:33","date_gmt":"2020-09-07T12:02:33","guid":{"rendered":"https:\/\/gomeraguide.com\/a-tu-medida\/"},"modified":"2023-07-15T20:26:22","modified_gmt":"2023-07-15T20:26:22","slug":"gestalte-deine-wanderung-selbst","status":"publish","type":"page","link":"https:\/\/gomeraguide.com\/de\/gestalte-deine-wanderung-selbst\/","title":{"rendered":"Gestalte Deine Wanderung"},"content":{"rendered":"<p>[et_pb_section fb_built=&#8221;1&#8243; _builder_version=&#8221;4.16&#8243; _module_preset=&#8221;default&#8221; global_colors_info=&#8221;{}&#8221;][et_pb_row _builder_version=&#8221;4.16&#8243; _module_preset=&#8221;default&#8221; global_colors_info=&#8221;{}&#8221;][et_pb_column type=&#8221;4_4&#8243; _builder_version=&#8221;4.16&#8243; _module_preset=&#8221;default&#8221; global_colors_info=&#8221;{}&#8221;][et_pb_text _builder_version=&#8221;4.16&#8243; _module_preset=&#8221;default&#8221; global_colors_info=&#8221;{}&#8221;]<\/p>\n<h1 style=\"text-align: center;\">Stelle Dir Deine Wanderung selbst zusammen!<\/h1>\n<p>[\/et_pb_text][et_pb_text _builder_version=&#8221;4.16&#8243; _module_preset=&#8221;default&#8221; hover_enabled=&#8221;0&#8243; global_colors_info=&#8221;{}&#8221; sticky_enabled=&#8221;0&#8243;]<\/p>\n<h3 style=\"text-align: center; line-height: 23px;\">W\u00e4hle aus, wie Deine Wanderung idealerweise sein soll.<\/h3>\n<h3 style=\"text-align: center; line-height: 23px;\">Wir entwerfen f\u00fcr Dich die perfekte Route an den sch\u00f6nsten Orten auf La Gomera.<\/h3>\n<h3 style=\"text-align: center; line-height: 23px;\">Lass dich \u00fcberraschen!<\/h3>\n<p>[\/et_pb_text][\/et_pb_column][\/et_pb_row][et_pb_row _builder_version=&#8221;4.16&#8243; _module_preset=&#8221;default&#8221; global_colors_info=&#8221;{}&#8221;][et_pb_column type=&#8221;4_4&#8243; _builder_version=&#8221;4.16&#8243; _module_preset=&#8221;default&#8221; global_colors_info=&#8221;{}&#8221;][et_pb_code _builder_version=&#8221;4.21.0&#8243; _module_preset=&#8221;default&#8221; global_colors_info=&#8221;{}&#8221;]<\/p>\n<div id=\"formz-wrapper\"<!-- [et_pb_line_break_holder] -->        data-formz-slug=&#8221;phWU9HLX&#8221;<!-- [et_pb_line_break_holder] -->        data-formz-type=&#8221;simple&#8221;><\/div>\n<p><!-- [et_pb_line_break_holder] -->        <script src=\"https:\/\/formaloo.net\/istatic\/js\/main.js\"><\/script>[\/et_pb_code][\/et_pb_column][\/et_pb_row][\/et_pb_section][et_pb_section fb_built=&#8221;1&#8243; _builder_version=&#8221;4.16&#8243; _module_preset=&#8221;default&#8221; global_colors_info=&#8221;{}&#8221;][et_pb_row _builder_version=&#8221;4.16&#8243; _module_preset=&#8221;default&#8221; global_colors_info=&#8221;{}&#8221;][et_pb_column type=&#8221;4_4&#8243; _builder_version=&#8221;4.16&#8243; _module_preset=&#8221;default&#8221; global_colors_info=&#8221;{}&#8221;][et_pb_text _builder_version=&#8221;4.16&#8243; _module_preset=&#8221;default&#8221; global_colors_info=&#8221;{}&#8221;]<\/p>\n<h2 style=\"text-align: center;\">Ejemplos de rutas personalizadas<\/h2>\n<p>[\/et_pb_text][et_pb_divider _builder_version=&#8221;4.16&#8243; _module_preset=&#8221;default&#8221; global_colors_info=&#8221;{}&#8221;][\/et_pb_divider][\/et_pb_column][\/et_pb_row][et_pb_row column_structure=&#8221;1_4,1_2,1_4&#8243; _builder_version=&#8221;4.16&#8243; _module_preset=&#8221;default&#8221; background_color=&#8221;rgba(0,0,0,0)&#8221; global_colors_info=&#8221;{}&#8221;][et_pb_column type=&#8221;1_4&#8243; _builder_version=&#8221;4.16&#8243; _module_preset=&#8221;default&#8221; global_colors_info=&#8221;{}&#8221;][et_pb_text _builder_version=&#8221;4.16&#8243; _module_preset=&#8221;default&#8221; custom_margin=&#8221;0px|15px||15px|false|true&#8221; border_radii=&#8221;on|5px|5px|5px|5px&#8221; global_colors_info=&#8221;{}&#8221;].[\/et_pb_text][\/et_pb_column][et_pb_column type=&#8221;1_2&#8243; _builder_version=&#8221;4.16&#8243; _module_preset=&#8221;default&#8221; global_colors_info=&#8221;{}&#8221;][et_pb_code _builder_version=&#8221;4.16&#8243; _module_preset=&#8221;default&#8221; global_colors_info=&#8221;{}&#8221;]<iframe loading=\"lazy\" src=\"https:\/\/player.vimeo.com\/video\/475389254\" width=\"640\" height=\"640\" frameborder=\"0\" allow=\"autoplay; fullscreen\" allowfullscreen><\/iframe>[\/et_pb_code][et_pb_code _builder_version=&#8221;4.16&#8243; _module_preset=&#8221;default&#8221; global_colors_info=&#8221;{}&#8221;]<iframe loading=\"lazy\" src=\"https:\/\/player.vimeo.com\/video\/475389192\" width=\"200px\" height=\"200px\" frameborder=\"0\" allow=\"autoplay; fullscreen\" allowfullscreen><\/iframe>[\/et_pb_code][et_pb_code _builder_version=&#8221;4.16&#8243; _module_preset=&#8221;default&#8221; global_colors_info=&#8221;{}&#8221;]<iframe loading=\"lazy\" src=\"https:\/\/player.vimeo.com\/video\/475389189\" width=\"640\" height=\"360\" frameborder=\"0\" allow=\"autoplay; fullscreen\" allowfullscreen><\/iframe><!-- [et_pb_line_break_holder] --><pee><a href=\"https:\/\/vimeo.com\/475389189\">Entre Musgos y Bruma<\/a> from <a href=\"https:\/\/vimeo.com\/gomeraguide\">Gomera Guide<\/a> on <a href=\"https:\/\/vimeo.com\">Vimeo<\/a>.<\/pee>[\/et_pb_code][\/et_pb_column][et_pb_column type=&#8221;1_4&#8243; _builder_version=&#8221;4.16&#8243; _module_preset=&#8221;default&#8221; global_colors_info=&#8221;{}&#8221;][et_pb_text _builder_version=&#8221;4.16&#8243; _module_preset=&#8221;default&#8221; global_colors_info=&#8221;{}&#8221;].[\/et_pb_text][\/et_pb_column][\/et_pb_row][\/et_pb_section]<\/p>\n","protected":false},"excerpt":{"rendered":"<p>Stelle Dir Deine Wanderung selbst zusammen!W\u00e4hle aus, wie Deine Wanderung idealerweise sein soll. Wir entwerfen f\u00fcr Dich die perfekte Route an den sch\u00f6nsten Orten auf La Gomera. Lass dich \u00fcberraschen!Ejemplos de rutas personalizadas..<\/p>\n","protected":false},"author":1,"featured_media":0,"parent":0,"menu_order":0,"comment_status":"closed","ping_status":"closed","template":"","meta":{"_et_pb_use_builder":"on","_et_pb_old_content":"","_et_gb_content_width":"","footnotes":""},"class_list":["post-6861","page","type-page","status-publish","hentry"],"_links":{"self":[{"href":"https:\/\/gomeraguide.com\/de\/wp-json\/wp\/v2\/pages\/6861","targetHints":{"allow":["GET"]}}],"collection":[{"href":"https:\/\/gomeraguide.com\/de\/wp-json\/wp\/v2\/pages"}],"about":[{"href":"https:\/\/gomeraguide.com\/de\/wp-json\/wp\/v2\/types\/page"}],"author":[{"embeddable":true,"href":"https:\/\/gomeraguide.com\/de\/wp-json\/wp\/v2\/users\/1"}],"replies":[{"embeddable":true,"href":"https:\/\/gomeraguide.com\/de\/wp-json\/wp\/v2\/comments?post=6861"}],"version-history":[{"count":8,"href":"https:\/\/gomeraguide.com\/de\/wp-json\/wp\/v2\/pages\/6861\/revisions"}],"predecessor-version":[{"id":11420,"href":"https:\/\/gomeraguide.com\/de\/wp-json\/wp\/v2\/pages\/6861\/revisions\/11420"}],"wp:attachment":[{"href":"https:\/\/gomeraguide.com\/de\/wp-json\/wp\/v2\/media?parent=6861"}],"curies":[{"name":"wp","href":"https:\/\/api.w.org\/{rel}","templated":true}]}}